{"id":1120,"date":"2025-01-14T16:10:36","date_gmt":"2025-01-14T15:10:36","guid":{"rendered":"https:\/\/irs.chillimedia.site\/?page_id=1120"},"modified":"2025-01-14T16:18:02","modified_gmt":"2025-01-14T15:18:02","slug":"offert","status":"publish","type":"page","link":"https:\/\/ryda.se\/en\/offert\/","title":{"rendered":"Welcome with your request for a quotation"},"content":{"rendered":"<div data-elementor-type=\"wp-page\" data-elementor-id=\"1120\" class=\"elementor elementor-1120\" data-elementor-post-type=\"page\">\n\t\t\t\t\t\t<section class=\"elementor-section elementor-top-section elementor-element elementor-element-7b8c1cd elementor-section-full_width elementor-section-height-default elementor-section-height-default\" data-id=\"7b8c1cd\" data-element_type=\"section\" data-e-type=\"section\">\n\t\t\t\t\t\t<div class=\"elementor-container elementor-column-gap-default\">\n\t\t\t\t\t<div class=\"elementor-column elementor-col-100 elementor-top-column elementor-element elementor-element-ec0f6dd\" data-id=\"ec0f6dd\" data-element_type=\"column\" data-e-type=\"column\">\n\t\t\t<div class=\"elementor-widget-wrap elementor-element-populated\">\n\t\t\t\t\t\t<div class=\"elementor-element elementor-element-99c1ce1 elementor-widget elementor-widget-gva_post_breadcrumb\" data-id=\"99c1ce1\" data-element_type=\"widget\" data-e-type=\"widget\" data-widget_type=\"gva_post_breadcrumb.default\">\n\t\t\t\t<div class=\"elementor-widget-container\">\n\t\t\t\t\t<div class=\"gva-element-gva_post_breadcrumb gva-element\">   \r\n<div class=\"post-breadcrumb\">\r\n   <div class=\"custom-breadcrumb\" >\r\n               <div class=\"breadcrumb-overlay\" style=\"\"><\/div>\r\n            <div class=\"breadcrumb-main\">\r\n        <div class=\"container\">\r\n          <div class=\"breadcrumb-container-inner\">\r\n            <h2 class=\"heading-title\">Welcome with your request for a quotation<\/h2><ol class=\"breadcrumb\"><li><a href=\"https:\/\/ryda.se\/en\">Home<\/a> <\/li> <li class=\"active\">Page<\/li><\/ol>          <\/div>  \r\n        <\/div>   \r\n      <\/div>  \r\n   <\/div>\r\n<\/div>      \r\n\r\n<\/div>\t\t\t\t<\/div>\n\t\t\t\t<\/div>\n\t\t\t\t\t<\/div>\n\t\t<\/div>\n\t\t\t\t\t<\/div>\n\t\t<\/section>\n\t\t\t\t<section class=\"elementor-section elementor-top-section elementor-element elementor-element-9879391 elementor-section-boxed elementor-section-height-default elementor-section-height-default\" data-id=\"9879391\" data-element_type=\"section\" data-e-type=\"section\">\n\t\t\t\t\t\t<div class=\"elementor-container elementor-column-gap-default\">\n\t\t\t\t\t<div class=\"elementor-column elementor-col-50 elementor-top-column elementor-element elementor-element-438db16\" data-id=\"438db16\" data-element_type=\"column\" data-e-type=\"column\">\n\t\t\t<div class=\"elementor-widget-wrap elementor-element-populated\">\n\t\t\t\t\t\t<div class=\"elementor-element elementor-element-c4b8b2a elementor-widget elementor-widget-heading\" data-id=\"c4b8b2a\" data-element_type=\"widget\" data-e-type=\"widget\" data-widget_type=\"heading.default\">\n\t\t\t\t<div class=\"elementor-widget-container\">\n\t\t\t\t\t<h3 class=\"elementor-heading-title elementor-size-default\">Request a Free Quote<\/h3>\t\t\t\t<\/div>\n\t\t\t\t<\/div>\n\t\t\t\t<div class=\"elementor-element elementor-element-206cf73 elementor-widget elementor-widget-heading\" data-id=\"206cf73\" data-element_type=\"widget\" data-e-type=\"widget\" data-widget_type=\"heading.default\">\n\t\t\t\t<div class=\"elementor-widget-container\">\n\t\t\t\t\t<h1 class=\"elementor-heading-title elementor-size-default\">Price Inquiry<\/h1>\t\t\t\t<\/div>\n\t\t\t\t<\/div>\n\t\t\t\t<div class=\"elementor-element elementor-element-27b554c elementor-widget elementor-widget-shortcode\" data-id=\"27b554c\" data-element_type=\"widget\" data-e-type=\"widget\" data-widget_type=\"shortcode.default\">\n\t\t\t\t<div class=\"elementor-widget-container\">\n\t\t\t\t\t\t\t<div class=\"elementor-shortcode\"><p class=\"wpcf7-contact-form-not-found\"><strong>Error:<\/strong> Contact form not found.<\/p><\/div>\n\t\t\t\t\t\t<\/div>\n\t\t\t\t<\/div>\n\t\t\t\t\t<\/div>\n\t\t<\/div>\n\t\t\t\t<div class=\"elementor-column elementor-col-50 elementor-top-column elementor-element elementor-element-711d954\" data-id=\"711d954\" data-element_type=\"column\" data-e-type=\"column\">\n\t\t\t<div class=\"elementor-widget-wrap elementor-element-populated\">\n\t\t\t\t\t\t<div class=\"elementor-element elementor-element-fad8864 elementor-position-inline-start elementor-view-default elementor-mobile-position-block-start elementor-widget elementor-widget-icon-box\" data-id=\"fad8864\" data-element_type=\"widget\" data-e-type=\"widget\" data-widget_type=\"icon-box.default\">\n\t\t\t\t<div class=\"elementor-widget-container\">\n\t\t\t\t\t\t\t<div class=\"elementor-icon-box-wrapper\">\n\n\t\t\t\t\t\t<div class=\"elementor-icon-box-icon\">\n\t\t\t\t<span  class=\"elementor-icon\">\n\t\t\t\t<i aria-hidden=\"true\" class=\"picon-address\"><\/i>\t\t\t\t<\/span>\n\t\t\t<\/div>\n\t\t\t\n\t\t\t\t\t\t<div class=\"elementor-icon-box-content\">\n\n\t\t\t\t\t\t\t\t\t<h3 class=\"elementor-icon-box-title\">\n\t\t\t\t\t\t<span  >\n\t\t\t\t\t\t\tVisit us\t\t\t\t\t\t<\/span>\n\t\t\t\t\t<\/h3>\n\t\t\t\t\n\t\t\t\t\t\t\t\t\t<p class=\"elementor-icon-box-description\">\n\t\t\t\t\t\tRyda, 590 46 Rimforsa\t\t\t\t\t<\/p>\n\t\t\t\t\n\t\t\t<\/div>\n\t\t\t\n\t\t<\/div>\n\t\t\t\t\t\t<\/div>\n\t\t\t\t<\/div>\n\t\t\t\t<div class=\"elementor-element elementor-element-40e6597 elementor-position-inline-start elementor-view-default elementor-mobile-position-block-start elementor-widget elementor-widget-icon-box\" data-id=\"40e6597\" data-element_type=\"widget\" data-e-type=\"widget\" data-widget_type=\"icon-box.default\">\n\t\t\t\t<div class=\"elementor-widget-container\">\n\t\t\t\t\t\t\t<div class=\"elementor-icon-box-wrapper\">\n\n\t\t\t\t\t\t<div class=\"elementor-icon-box-icon\">\n\t\t\t\t<a href=\"tel:+46709731557\" class=\"elementor-icon\" tabindex=\"-1\" aria-label=\"Phone\">\n\t\t\t\t<i aria-hidden=\"true\" class=\"picon-calling\"><\/i>\t\t\t\t<\/a>\n\t\t\t<\/div>\n\t\t\t\n\t\t\t\t\t\t<div class=\"elementor-icon-box-content\">\n\n\t\t\t\t\t\t\t\t\t<h3 class=\"elementor-icon-box-title\">\n\t\t\t\t\t\t<a href=\"tel:+46709731557\" >\n\t\t\t\t\t\t\tPhone\t\t\t\t\t\t<\/a>\n\t\t\t\t\t<\/h3>\n\t\t\t\t\n\t\t\t\t\t\t\t\t\t<p class=\"elementor-icon-box-description\">\n\t\t\t\t\t\t+46 70 973 15 57\t\t\t\t\t<\/p>\n\t\t\t\t\n\t\t\t<\/div>\n\t\t\t\n\t\t<\/div>\n\t\t\t\t\t\t<\/div>\n\t\t\t\t<\/div>\n\t\t\t\t<div class=\"elementor-element elementor-element-923abb0 elementor-position-inline-start elementor-view-default elementor-mobile-position-block-start elementor-widget elementor-widget-icon-box\" data-id=\"923abb0\" data-element_type=\"widget\" data-e-type=\"widget\" data-widget_type=\"icon-box.default\">\n\t\t\t\t<div class=\"elementor-widget-container\">\n\t\t\t\t\t\t\t<div class=\"elementor-icon-box-wrapper\">\n\n\t\t\t\t\t\t<div class=\"elementor-icon-box-icon\">\n\t\t\t\t<a href=\"mailto:info@ryda.se\" class=\"elementor-icon\" tabindex=\"-1\" aria-label=\"Email\">\n\t\t\t\t<i aria-hidden=\"true\" class=\"picon-email-3\"><\/i>\t\t\t\t<\/a>\n\t\t\t<\/div>\n\t\t\t\n\t\t\t\t\t\t<div class=\"elementor-icon-box-content\">\n\n\t\t\t\t\t\t\t\t\t<h3 class=\"elementor-icon-box-title\">\n\t\t\t\t\t\t<a href=\"mailto:info@ryda.se\" >\n\t\t\t\t\t\t\tEmail\t\t\t\t\t\t<\/a>\n\t\t\t\t\t<\/h3>\n\t\t\t\t\n\t\t\t\t\t\t\t\t\t<p class=\"elementor-icon-box-description\">\n\t\t\t\t\t\tinfo@ryda.se\t\t\t\t\t<\/p>\n\t\t\t\t\n\t\t\t<\/div>\n\t\t\t\n\t\t<\/div>\n\t\t\t\t\t\t<\/div>\n\t\t\t\t<\/div>\n\t\t\t\t<div class=\"elementor-element elementor-element-cca3a12 elementor-shape-circle e-grid-align-left e-grid-align-tablet-left e-grid-align-mobile-center elementor-grid-0 elementor-widget elementor-widget-social-icons\" data-id=\"cca3a12\" data-element_type=\"widget\" data-e-type=\"widget\" data-widget_type=\"social-icons.default\">\n\t\t\t\t<div class=\"elementor-widget-container\">\n\t\t\t\t\t\t\t<div class=\"elementor-social-icons-wrapper elementor-grid\" role=\"list\">\n\t\t\t\t\t\t\t<span class=\"elementor-grid-item\" role=\"listitem\">\n\t\t\t\t\t<a class=\"elementor-icon elementor-social-icon elementor-social-icon-facebook elementor-repeater-item-b1438dd\" href=\"https:\/\/www.facebook.com\/p\/#-#\/\" target=\"_blank\">\n\t\t\t\t\t\t<span class=\"elementor-screen-only\">Facebook<\/span>\n\t\t\t\t\t\t<i aria-hidden=\"true\" class=\"fab fa-facebook\"><\/i>\t\t\t\t\t<\/a>\n\t\t\t\t<\/span>\n\t\t\t\t\t\t\t<span class=\"elementor-grid-item\" role=\"listitem\">\n\t\t\t\t\t<a class=\"elementor-icon elementor-social-icon elementor-social-icon-instagram elementor-repeater-item-7b57c00\" href=\"https:\/\/www.instagram.com\/irs.ab\/\" target=\"_blank\">\n\t\t\t\t\t\t<span class=\"elementor-screen-only\">Instagram<\/span>\n\t\t\t\t\t\t<i aria-hidden=\"true\" class=\"fab fa-instagram\"><\/i>\t\t\t\t\t<\/a>\n\t\t\t\t<\/span>\n\t\t\t\t\t<\/div>\n\t\t\t\t\t\t<\/div>\n\t\t\t\t<\/div>\n\t\t\t\t\t<\/div>\n\t\t<\/div>\n\t\t\t\t\t<\/div>\n\t\t<\/section>\n\t\t\t\t<section class=\"elementor-section elementor-top-section elementor-element elementor-element-510a3d5 elementor-section-full_width elementor-section-height-default elementor-section-height-default\" data-id=\"510a3d5\" data-element_type=\"section\" data-e-type=\"section\">\n\t\t\t\t\t\t<div class=\"elementor-container elementor-column-gap-default\">\n\t\t\t\t\t<div class=\"elementor-column elementor-col-100 elementor-top-column elementor-element elementor-element-3c823fd\" data-id=\"3c823fd\" data-element_type=\"column\" data-e-type=\"column\">\n\t\t\t<div class=\"elementor-widget-wrap elementor-element-populated\">\n\t\t\t\t\t\t<div class=\"elementor-element elementor-element-cd723d8 elementor-widget elementor-widget-google_maps\" data-id=\"cd723d8\" data-element_type=\"widget\" data-e-type=\"widget\" data-widget_type=\"google_maps.default\">\n\t\t\t\t<div class=\"elementor-widget-container\">\n\t\t\t\t\t\t\t<div class=\"elementor-custom-embed\">\n\t\t\t<iframe loading=\"lazy\"\n\t\t\t\t\tsrc=\"https:\/\/maps.google.com\/maps?q=Ryda%20G%C3%A5rd&#038;t=m&#038;z=3&#038;output=embed&#038;iwloc=near\"\n\t\t\t\t\ttitle=\"Ryda G\u00e5rd\"\n\t\t\t\t\taria-label=\"Ryda G\u00e5rd\"\n\t\t\t><\/iframe>\n\t\t<\/div>\n\t\t\t\t\t\t<\/div>\n\t\t\t\t<\/div>\n\t\t\t\t\t<\/div>\n\t\t<\/div>\n\t\t\t\t\t<\/div>\n\t\t<\/section>\n\t\t\t\t<\/div>","protected":false},"excerpt":{"rendered":"<p>V\u00e4lkommen med din offertf\u00f6rfr\u00e5gan Home Sida Beg\u00e4r kostnadsfri offert Offertf\u00f6rfr\u00e5gan Bes\u00f6ksadress Ryda, 590 46 Rimforsa Telefon +46 70 973 15 57 E-post info@ryda.se Facebook Instagram<\/p>","protected":false},"author":1,"featured_media":0,"parent":0,"menu_order":0,"comment_status":"closed","ping_status":"closed","template":"","meta":{"inline_featured_image":false,"footnotes":""},"class_list":["post-1120","page","type-page","status-publish","hentry"],"yoast_head":"<!-- This site is optimized with the Yoast SEO plugin v27.4 - https:\/\/yoast.com\/product\/yoast-seo-wordpress\/ -->\n<title>V\u00e4lkommen med din offertf\u00f6rfr\u00e5gan - Ryda G\u00e5rd<\/title>\n<meta name=\"robots\" content=\"index, follow, max-snippet:-1, max-image-preview:large, max-video-preview:-1\" \/>\n<link rel=\"canonical\" href=\"https:\/\/ryda.se\/en\/offert\/\" \/>\n<meta property=\"og:locale\" content=\"en_GB\" \/>\n<meta property=\"og:type\" content=\"article\" \/>\n<meta property=\"og:title\" content=\"V\u00e4lkommen med din offertf\u00f6rfr\u00e5gan - Ryda G\u00e5rd\" \/>\n<meta property=\"og:description\" content=\"V\u00e4lkommen med din offertf\u00f6rfr\u00e5gan Home Sida Beg\u00e4r kostnadsfri offert Offertf\u00f6rfr\u00e5gan Bes\u00f6ksadress Ryda, 590 46 Rimforsa Telefon +46 70 973 15 57 E-post info@ryda.se Facebook Instagram\" \/>\n<meta property=\"og:url\" content=\"https:\/\/ryda.se\/en\/offert\/\" \/>\n<meta property=\"og:site_name\" content=\"Ryda G\u00e5rd\" \/>\n<meta property=\"article:publisher\" content=\"https:\/\/www.facebook.com\/RydaGard\" \/>\n<meta property=\"article:modified_time\" content=\"2025-01-14T15:18:02+00:00\" \/>\n<meta name=\"twitter:card\" content=\"summary_large_image\" \/>\n<meta name=\"twitter:label1\" content=\"Estimated reading time\" \/>\n\t<meta name=\"twitter:data1\" content=\"1 minute\" \/>\n<script type=\"application\/ld+json\" class=\"yoast-schema-graph\">{\"@context\":\"https:\\\/\\\/schema.org\",\"@graph\":[{\"@type\":\"WebPage\",\"@id\":\"https:\\\/\\\/ryda.se\\\/offert\\\/\",\"url\":\"https:\\\/\\\/ryda.se\\\/offert\\\/\",\"name\":\"V\u00e4lkommen med din offertf\u00f6rfr\u00e5gan - Ryda G\u00e5rd\",\"isPartOf\":{\"@id\":\"https:\\\/\\\/ryda.se\\\/#website\"},\"datePublished\":\"2025-01-14T15:10:36+00:00\",\"dateModified\":\"2025-01-14T15:18:02+00:00\",\"breadcrumb\":{\"@id\":\"https:\\\/\\\/ryda.se\\\/offert\\\/#breadcrumb\"},\"inLanguage\":\"en-GB\",\"potentialAction\":[{\"@type\":\"ReadAction\",\"target\":[\"https:\\\/\\\/ryda.se\\\/offert\\\/\"]}]},{\"@type\":\"BreadcrumbList\",\"@id\":\"https:\\\/\\\/ryda.se\\\/offert\\\/#breadcrumb\",\"itemListElement\":[{\"@type\":\"ListItem\",\"position\":1,\"name\":\"Hem\",\"item\":\"https:\\\/\\\/ryda.se\\\/\"},{\"@type\":\"ListItem\",\"position\":2,\"name\":\"V\u00e4lkommen med din offertf\u00f6rfr\u00e5gan\"}]},{\"@type\":\"WebSite\",\"@id\":\"https:\\\/\\\/ryda.se\\\/#website\",\"url\":\"https:\\\/\\\/ryda.se\\\/\",\"name\":\"Ryda G\u00e5rd\",\"description\":\"Mat &amp; Logi, Konferenser &amp; Aktiviteter\",\"publisher\":{\"@id\":\"https:\\\/\\\/ryda.se\\\/#organization\"},\"potentialAction\":[{\"@type\":\"SearchAction\",\"target\":{\"@type\":\"EntryPoint\",\"urlTemplate\":\"https:\\\/\\\/ryda.se\\\/?s={search_term_string}\"},\"query-input\":{\"@type\":\"PropertyValueSpecification\",\"valueRequired\":true,\"valueName\":\"search_term_string\"}}],\"inLanguage\":\"en-GB\"},{\"@type\":\"Organization\",\"@id\":\"https:\\\/\\\/ryda.se\\\/#organization\",\"name\":\"Ryda G\u00e5rd\",\"url\":\"https:\\\/\\\/ryda.se\\\/\",\"logo\":{\"@type\":\"ImageObject\",\"inLanguage\":\"en-GB\",\"@id\":\"https:\\\/\\\/ryda.se\\\/#\\\/schema\\\/logo\\\/image\\\/\",\"url\":\"https:\\\/\\\/ryda.se\\\/wp-content\\\/uploads\\\/2025\\\/02\\\/ryda-gard-icon.png\",\"contentUrl\":\"https:\\\/\\\/ryda.se\\\/wp-content\\\/uploads\\\/2025\\\/02\\\/ryda-gard-icon.png\",\"width\":200,\"height\":200,\"caption\":\"Ryda G\u00e5rd\"},\"image\":{\"@id\":\"https:\\\/\\\/ryda.se\\\/#\\\/schema\\\/logo\\\/image\\\/\"},\"sameAs\":[\"https:\\\/\\\/www.facebook.com\\\/RydaGard\",\"https:\\\/\\\/www.instagram.com\\\/explore\\\/locations\\\/305818459606395\\\/ryda-gardrestaurang-och-konferens\\\/\"]}]}<\/script>\n<!-- \/ Yoast SEO plugin. -->","yoast_head_json":{"title":"V\u00e4lkommen med din offertf\u00f6rfr\u00e5gan - Ryda G\u00e5rd","robots":{"index":"index","follow":"follow","max-snippet":"max-snippet:-1","max-image-preview":"max-image-preview:large","max-video-preview":"max-video-preview:-1"},"canonical":"https:\/\/ryda.se\/en\/offert\/","og_locale":"en_GB","og_type":"article","og_title":"V\u00e4lkommen med din offertf\u00f6rfr\u00e5gan - Ryda G\u00e5rd","og_description":"V\u00e4lkommen med din offertf\u00f6rfr\u00e5gan Home Sida Beg\u00e4r kostnadsfri offert Offertf\u00f6rfr\u00e5gan Bes\u00f6ksadress Ryda, 590 46 Rimforsa Telefon +46 70 973 15 57 E-post info@ryda.se Facebook Instagram","og_url":"https:\/\/ryda.se\/en\/offert\/","og_site_name":"Ryda G\u00e5rd","article_publisher":"https:\/\/www.facebook.com\/RydaGard","article_modified_time":"2025-01-14T15:18:02+00:00","twitter_card":"summary_large_image","twitter_misc":{"Estimated reading time":"1 minute"},"schema":{"@context":"https:\/\/schema.org","@graph":[{"@type":"WebPage","@id":"https:\/\/ryda.se\/offert\/","url":"https:\/\/ryda.se\/offert\/","name":"V\u00e4lkommen med din offertf\u00f6rfr\u00e5gan - Ryda G\u00e5rd","isPartOf":{"@id":"https:\/\/ryda.se\/#website"},"datePublished":"2025-01-14T15:10:36+00:00","dateModified":"2025-01-14T15:18:02+00:00","breadcrumb":{"@id":"https:\/\/ryda.se\/offert\/#breadcrumb"},"inLanguage":"en-GB","potentialAction":[{"@type":"ReadAction","target":["https:\/\/ryda.se\/offert\/"]}]},{"@type":"BreadcrumbList","@id":"https:\/\/ryda.se\/offert\/#breadcrumb","itemListElement":[{"@type":"ListItem","position":1,"name":"Hem","item":"https:\/\/ryda.se\/"},{"@type":"ListItem","position":2,"name":"V\u00e4lkommen med din offertf\u00f6rfr\u00e5gan"}]},{"@type":"WebSite","@id":"https:\/\/ryda.se\/#website","url":"https:\/\/ryda.se\/","name":"Ryda G\u00e5rd","description":"Mat &amp; Logi, Konferenser &amp; Aktiviteter","publisher":{"@id":"https:\/\/ryda.se\/#organization"},"potentialAction":[{"@type":"SearchAction","target":{"@type":"EntryPoint","urlTemplate":"https:\/\/ryda.se\/?s={search_term_string}"},"query-input":{"@type":"PropertyValueSpecification","valueRequired":true,"valueName":"search_term_string"}}],"inLanguage":"en-GB"},{"@type":"Organization","@id":"https:\/\/ryda.se\/#organization","name":"Ryda G\u00e5rd","url":"https:\/\/ryda.se\/","logo":{"@type":"ImageObject","inLanguage":"en-GB","@id":"https:\/\/ryda.se\/#\/schema\/logo\/image\/","url":"https:\/\/ryda.se\/wp-content\/uploads\/2025\/02\/ryda-gard-icon.png","contentUrl":"https:\/\/ryda.se\/wp-content\/uploads\/2025\/02\/ryda-gard-icon.png","width":200,"height":200,"caption":"Ryda G\u00e5rd"},"image":{"@id":"https:\/\/ryda.se\/#\/schema\/logo\/image\/"},"sameAs":["https:\/\/www.facebook.com\/RydaGard","https:\/\/www.instagram.com\/explore\/locations\/305818459606395\/ryda-gardrestaurang-och-konferens\/"]}]}},"_links":{"self":[{"href":"https:\/\/ryda.se\/en\/wp-json\/wp\/v2\/pages\/1120","targetHints":{"allow":["GET"]}}],"collection":[{"href":"https:\/\/ryda.se\/en\/wp-json\/wp\/v2\/pages"}],"about":[{"href":"https:\/\/ryda.se\/en\/wp-json\/wp\/v2\/types\/page"}],"author":[{"embeddable":true,"href":"https:\/\/ryda.se\/en\/wp-json\/wp\/v2\/users\/1"}],"replies":[{"embeddable":true,"href":"https:\/\/ryda.se\/en\/wp-json\/wp\/v2\/comments?post=1120"}],"version-history":[{"count":7,"href":"https:\/\/ryda.se\/en\/wp-json\/wp\/v2\/pages\/1120\/revisions"}],"predecessor-version":[{"id":1128,"href":"https:\/\/ryda.se\/en\/wp-json\/wp\/v2\/pages\/1120\/revisions\/1128"}],"wp:attachment":[{"href":"https:\/\/ryda.se\/en\/wp-json\/wp\/v2\/media?parent=1120"}],"curies":[{"name":"wp","href":"https:\/\/api.w.org\/{rel}","templated":true}]}}