{"id":831,"date":"2023-12-29T13:47:12","date_gmt":"2023-12-29T12:47:12","guid":{"rendered":"https:\/\/irs.chillimedia.site\/?page_id=831"},"modified":"2026-04-21T10:56:49","modified_gmt":"2026-04-21T08:56:49","slug":"kontakt","status":"publish","type":"page","link":"https:\/\/ryda.se\/en\/kontakt\/","title":{"rendered":"Contact"},"content":{"rendered":"<div data-elementor-type=\"wp-page\" data-elementor-id=\"831\" class=\"elementor elementor-831\" data-elementor-post-type=\"page\">\n\t\t\t\t\t\t<section class=\"elementor-section elementor-top-section elementor-element elementor-element-7b8c1cd elementor-section-full_width elementor-section-height-default elementor-section-height-default\" data-id=\"7b8c1cd\" data-element_type=\"section\" data-e-type=\"section\">\n\t\t\t\t\t\t<div class=\"elementor-container elementor-column-gap-default\">\n\t\t\t\t\t<div class=\"elementor-column elementor-col-100 elementor-top-column elementor-element elementor-element-ec0f6dd\" data-id=\"ec0f6dd\" data-element_type=\"column\" data-e-type=\"column\">\n\t\t\t<div class=\"elementor-widget-wrap elementor-element-populated\">\n\t\t\t\t\t\t<div class=\"elementor-element elementor-element-99c1ce1 elementor-widget elementor-widget-gva_post_breadcrumb\" data-id=\"99c1ce1\" data-element_type=\"widget\" data-e-type=\"widget\" data-widget_type=\"gva_post_breadcrumb.default\">\n\t\t\t\t<div class=\"elementor-widget-container\">\n\t\t\t\t\t<div class=\"gva-element-gva_post_breadcrumb gva-element\">   \r\n<div class=\"post-breadcrumb\">\r\n   <div class=\"custom-breadcrumb\" >\r\n               <div class=\"breadcrumb-overlay\" style=\"\"><\/div>\r\n            <div class=\"breadcrumb-main\">\r\n        <div class=\"container\">\r\n          <div class=\"breadcrumb-container-inner\">\r\n            <h2 class=\"heading-title\">Contact<\/h2><ol class=\"breadcrumb\"><li><a href=\"https:\/\/ryda.se\/en\">Home<\/a> <\/li> <li class=\"active\">Page<\/li><\/ol>          <\/div>  \r\n        <\/div>   \r\n      <\/div>  \r\n   <\/div>\r\n<\/div>      \r\n\r\n<\/div>\t\t\t\t<\/div>\n\t\t\t\t<\/div>\n\t\t\t\t\t<\/div>\n\t\t<\/div>\n\t\t\t\t\t<\/div>\n\t\t<\/section>\n\t\t\t\t<section class=\"elementor-section elementor-top-section elementor-element elementor-element-9879391 elementor-reverse-tablet elementor-reverse-mobile elementor-section-boxed elementor-section-height-default elementor-section-height-default\" data-id=\"9879391\" data-element_type=\"section\" data-e-type=\"section\">\n\t\t\t\t\t\t<div class=\"elementor-container elementor-column-gap-default\">\n\t\t\t\t\t<div class=\"elementor-column elementor-col-50 elementor-top-column elementor-element elementor-element-438db16\" data-id=\"438db16\" data-element_type=\"column\" data-e-type=\"column\">\n\t\t\t<div class=\"elementor-widget-wrap elementor-element-populated\">\n\t\t\t\t\t\t<div class=\"elementor-element elementor-element-c4b8b2a elementor-widget elementor-widget-heading\" data-id=\"c4b8b2a\" data-element_type=\"widget\" data-e-type=\"widget\" data-widget_type=\"heading.default\">\n\t\t\t\t<div class=\"elementor-widget-container\">\n\t\t\t\t\t<h3 class=\"elementor-heading-title elementor-size-default\">Questions? Let us know!<\/h3>\t\t\t\t<\/div>\n\t\t\t\t<\/div>\n\t\t\t\t<div class=\"elementor-element elementor-element-206cf73 elementor-widget elementor-widget-heading\" data-id=\"206cf73\" data-element_type=\"widget\" data-e-type=\"widget\" data-widget_type=\"heading.default\">\n\t\t\t\t<div class=\"elementor-widget-container\">\n\t\t\t\t\t<h1 class=\"elementor-heading-title elementor-size-default\">Contact us<\/h1>\t\t\t\t<\/div>\n\t\t\t\t<\/div>\n\t\t\t\t<div class=\"elementor-element elementor-element-27b554c elementor-widget elementor-widget-shortcode\" data-id=\"27b554c\" data-element_type=\"widget\" data-e-type=\"widget\" data-widget_type=\"shortcode.default\">\n\t\t\t\t<div class=\"elementor-widget-container\">\n\t\t\t\t\t\t\t<div class=\"elementor-shortcode\">\n<div class=\"wpcf7 no-js\" id=\"wpcf7-f5-o1\" lang=\"en-US\" dir=\"ltr\" data-wpcf7-id=\"5\">\n<div class=\"screen-reader-response\"><p role=\"status\" aria-live=\"polite\" aria-atomic=\"true\"><\/p> <ul><\/ul><\/div>\n<form action=\"\/en\/wp-json\/wp\/v2\/pages\/831#wpcf7-f5-o1\" method=\"post\" class=\"wpcf7-form init\" aria-label=\"Contact form\" novalidate=\"novalidate\" data-status=\"init\" data-trp-original-action=\"\/en\/wp-json\/wp\/v2\/pages\/831#wpcf7-f5-o1\">\n<fieldset class=\"hidden-fields-container\"><input type=\"hidden\" name=\"_wpcf7\" value=\"5\" \/><input type=\"hidden\" name=\"_wpcf7_version\" value=\"6.1.5\" \/><input type=\"hidden\" name=\"_wpcf7_locale\" value=\"en_US\" \/><input type=\"hidden\" name=\"_wpcf7_unit_tag\" value=\"wpcf7-f5-o1\" \/><input type=\"hidden\" name=\"_wpcf7_container_post\" value=\"0\" \/><input type=\"hidden\" name=\"_wpcf7_posted_data_hash\" value=\"\" \/><input type=\"hidden\" name=\"_wpcf7dtx_version\" value=\"5.0.5\" \/><input type=\"hidden\" name=\"_wpcf7_recaptcha_response\" value=\"\" \/>\n<\/fieldset>\n<div class=\"row\">\n   <div class=\"col-sm-6 col-xs-12\">\n     <span class=\"wpcf7-form-control-wrap\" data-name=\"your-name\"><input size=\"40\" maxlength=\"400\" class=\"wpcf7-form-control wpcf7-text wpcf7-validates-as-required\" aria-required=\"true\" aria-invalid=\"false\" placeholder=\"Your Name*\" value=\"\" type=\"text\" name=\"your-name\" \/><\/span>\n   <\/div>\n   <div class=\"col-sm-6 col-xs-12\">\n     <span class=\"wpcf7-form-control-wrap\" data-name=\"your-subject\"><select class=\"wpcf7-form-control wpcf7-select wpcf7-validates-as-required\" aria-required=\"true\" aria-invalid=\"false\" name=\"your-subject\"><option value=\"Din f\u00f6rfr\u00e5gan g\u00e4ller*\">Your inquiry concerns*<\/option><option value=\"Boka aktivitet\">Book activity<\/option><option value=\"Boka stuga\">Book cottage\/cabin<\/option><option value=\"Boka st\u00e4llplats (husvagn\/husbil)\">Book pitch (caravan\/motorhome)<\/option><option value=\"Boka restaurangbes\u00f6k\">Book restaurant<\/option><option value=\"Fiske\">Fishing<\/option><option value=\"\u00d6vrigt\">Other<\/option><\/select><\/span>\n   <\/div>\n<\/div>\n<div class=\"row\">\n   <div class=\"col-sm-6 col-xs-12\">\n      <span class=\"wpcf7-form-control-wrap\" data-name=\"your-email\"><input size=\"40\" maxlength=\"400\" class=\"wpcf7-form-control wpcf7-email wpcf7-validates-as-required wpcf7-text wpcf7-validates-as-email\" aria-required=\"true\" aria-invalid=\"false\" placeholder=\"Email Address*\" value=\"\" type=\"email\" name=\"your-email\" \/><\/span>\n   <\/div>\n   <div class=\"col-sm-6 col-xs-12\">\n      <span class=\"wpcf7-form-control-wrap\" data-name=\"your-phone\"><input size=\"40\" maxlength=\"400\" class=\"wpcf7-form-control wpcf7-text wpcf7-validates-as-required\" aria-required=\"true\" aria-invalid=\"false\" placeholder=\"Phone Number*\" value=\"\" type=\"text\" name=\"your-phone\" \/><\/span>\n   <\/div>\n<\/div>\n<div class=\"row\">\n   <div class=\"col-sm-12 col-xs-12\">\n      <span class=\"wpcf7-form-control-wrap\" data-name=\"your-message\"><textarea cols=\"40\" rows=\"10\" maxlength=\"2000\" class=\"wpcf7-form-control wpcf7-textarea wpcf7-validates-as-required\" aria-required=\"true\" aria-invalid=\"false\" placeholder=\"Write your message...*\" name=\"your-message\"><\/textarea><\/span>\n   <\/div>\n   <div class=\"col-sm-12 col-xs-12 action text-left\"><span class=\"form-action\"><input class=\"wpcf7-form-control wpcf7-submit has-spinner\" type=\"submit\" value=\"Submit!\" \/><\/span><\/div>\n<\/div>\n<span class=\"recaptcha-txt\">This form is protected by reCAPTCHA and Google's <a href=\"https:\/\/policies.google.com\/privacy\" target=\"_blank\">Privacy Policy<\/a> and <a href=\"https:\/\/policies.google.com\/terms\" target=\"_blank\">Terms of Use<\/a> applies.<\/span><div class=\"wpcf7-response-output\" aria-hidden=\"true\"><\/div>\n<input type=\"hidden\" name=\"trp-form-language\" value=\"en\"\/><\/form>\n<\/div>\n<\/div>\n\t\t\t\t\t\t<\/div>\n\t\t\t\t<\/div>\n\t\t\t\t\t<\/div>\n\t\t<\/div>\n\t\t\t\t<div class=\"elementor-column elementor-col-50 elementor-top-column elementor-element elementor-element-711d954\" data-id=\"711d954\" data-element_type=\"column\" data-e-type=\"column\">\n\t\t\t<div class=\"elementor-widget-wrap elementor-element-populated\">\n\t\t\t\t\t\t<div class=\"elementor-element elementor-element-fad8864 elementor-position-inline-start elementor-view-default elementor-mobile-position-block-start elementor-widget elementor-widget-icon-box\" data-id=\"fad8864\" data-element_type=\"widget\" data-e-type=\"widget\" data-widget_type=\"icon-box.default\">\n\t\t\t\t<div class=\"elementor-widget-container\">\n\t\t\t\t\t\t\t<div class=\"elementor-icon-box-wrapper\">\n\n\t\t\t\t\t\t<div class=\"elementor-icon-box-icon\">\n\t\t\t\t<a href=\"https:\/\/maps.app.goo.gl\/fNDnWSQJa29on8NJA\" target=\"_blank\" class=\"elementor-icon\" tabindex=\"-1\" aria-label=\"Visit us\">\n\t\t\t\t<i aria-hidden=\"true\" class=\"picon-address\"><\/i>\t\t\t\t<\/a>\n\t\t\t<\/div>\n\t\t\t\n\t\t\t\t\t\t<div class=\"elementor-icon-box-content\">\n\n\t\t\t\t\t\t\t\t\t<h3 class=\"elementor-icon-box-title\">\n\t\t\t\t\t\t<a href=\"https:\/\/maps.app.goo.gl\/fNDnWSQJa29on8NJA\" target=\"_blank\" >\n\t\t\t\t\t\t\tVisit us\t\t\t\t\t\t<\/a>\n\t\t\t\t\t<\/h3>\n\t\t\t\t\n\t\t\t\t\t\t\t\t\t<p class=\"elementor-icon-box-description\">\n\t\t\t\t\t\tRyda, 590 46, Rimforsa\t\t\t\t\t<\/p>\n\t\t\t\t\n\t\t\t<\/div>\n\t\t\t\n\t\t<\/div>\n\t\t\t\t\t\t<\/div>\n\t\t\t\t<\/div>\n\t\t\t\t<div class=\"elementor-element elementor-element-bc99428 elementor-position-inline-start elementor-view-default elementor-mobile-position-block-start elementor-widget elementor-widget-icon-box\" data-id=\"bc99428\" data-element_type=\"widget\" data-e-type=\"widget\" data-widget_type=\"icon-box.default\">\n\t\t\t\t<div class=\"elementor-widget-container\">\n\t\t\t\t\t\t\t<div class=\"elementor-icon-box-wrapper\">\n\n\t\t\t\t\t\t<div class=\"elementor-icon-box-icon\">\n\t\t\t\t<a href=\"https:\/\/www.campcation.com\/sv\/campsite\/ryda-gard\/\" target=\"_blank\" rel=\"nofollow\" class=\"elementor-icon\" tabindex=\"-1\" aria-label=\"Boka st\u00e4llplats\">\n\t\t\t\t<i aria-hidden=\"true\" class=\"picon-address\"><\/i>\t\t\t\t<\/a>\n\t\t\t<\/div>\n\t\t\t\n\t\t\t\t\t\t<div class=\"elementor-icon-box-content\">\n\n\t\t\t\t\t\t\t\t\t<h3 class=\"elementor-icon-box-title\">\n\t\t\t\t\t\t<a href=\"https:\/\/www.campcation.com\/sv\/campsite\/ryda-gard\/\" target=\"_blank\" rel=\"nofollow\" >\n\t\t\t\t\t\t\tBoka st\u00e4llplats\t\t\t\t\t\t<\/a>\n\t\t\t\t\t<\/h3>\n\t\t\t\t\n\t\t\t\t\t\t\t\t\t<p class=\"elementor-icon-box-description\">\n\t\t\t\t\t\tVia campcation.com\t\t\t\t\t<\/p>\n\t\t\t\t\n\t\t\t<\/div>\n\t\t\t\n\t\t<\/div>\n\t\t\t\t\t\t<\/div>\n\t\t\t\t<\/div>\n\t\t\t\t<div class=\"elementor-element elementor-element-40e6597 elementor-position-inline-start elementor-view-default elementor-mobile-position-block-start elementor-widget elementor-widget-icon-box\" data-id=\"40e6597\" data-element_type=\"widget\" data-e-type=\"widget\" data-widget_type=\"icon-box.default\">\n\t\t\t\t<div class=\"elementor-widget-container\">\n\t\t\t\t\t\t\t<div class=\"elementor-icon-box-wrapper\">\n\n\t\t\t\t\t\t<div class=\"elementor-icon-box-icon\">\n\t\t\t\t<a href=\"tel:+46709731557\" class=\"elementor-icon\" tabindex=\"-1\" aria-label=\"Phone\">\n\t\t\t\t<i aria-hidden=\"true\" class=\"picon-calling\"><\/i>\t\t\t\t<\/a>\n\t\t\t<\/div>\n\t\t\t\n\t\t\t\t\t\t<div class=\"elementor-icon-box-content\">\n\n\t\t\t\t\t\t\t\t\t<h3 class=\"elementor-icon-box-title\">\n\t\t\t\t\t\t<a href=\"tel:+46709731557\" >\n\t\t\t\t\t\t\tPhone\t\t\t\t\t\t<\/a>\n\t\t\t\t\t<\/h3>\n\t\t\t\t\n\t\t\t\t\t\t\t\t\t<p class=\"elementor-icon-box-description\">\n\t\t\t\t\t\t+46 70 973 15 57\t\t\t\t\t<\/p>\n\t\t\t\t\n\t\t\t<\/div>\n\t\t\t\n\t\t<\/div>\n\t\t\t\t\t\t<\/div>\n\t\t\t\t<\/div>\n\t\t\t\t<div class=\"elementor-element elementor-element-5d2923a elementor-position-inline-start elementor-view-default elementor-mobile-position-block-start elementor-widget elementor-widget-icon-box\" data-id=\"5d2923a\" data-element_type=\"widget\" data-e-type=\"widget\" data-widget_type=\"icon-box.default\">\n\t\t\t\t<div class=\"elementor-widget-container\">\n\t\t\t\t\t\t\t<div class=\"elementor-icon-box-wrapper\">\n\n\t\t\t\t\t\t<div class=\"elementor-icon-box-icon\">\n\t\t\t\t<a href=\"tel:+46708664663\" class=\"elementor-icon\" tabindex=\"-1\" aria-label=\"Reception\">\n\t\t\t\t<i aria-hidden=\"true\" class=\"picon-calling\"><\/i>\t\t\t\t<\/a>\n\t\t\t<\/div>\n\t\t\t\n\t\t\t\t\t\t<div class=\"elementor-icon-box-content\">\n\n\t\t\t\t\t\t\t\t\t<h3 class=\"elementor-icon-box-title\">\n\t\t\t\t\t\t<a href=\"tel:+46708664663\" >\n\t\t\t\t\t\t\tReception\t\t\t\t\t\t<\/a>\n\t\t\t\t\t<\/h3>\n\t\t\t\t\n\t\t\t\t\t\t\t\t\t<p class=\"elementor-icon-box-description\">\n\t\t\t\t\t\t+46 70 866 46 63\t\t\t\t\t<\/p>\n\t\t\t\t\n\t\t\t<\/div>\n\t\t\t\n\t\t<\/div>\n\t\t\t\t\t\t<\/div>\n\t\t\t\t<\/div>\n\t\t\t\t<div class=\"elementor-element elementor-element-923abb0 elementor-position-inline-start elementor-view-default elementor-mobile-position-block-start elementor-widget elementor-widget-icon-box\" data-id=\"923abb0\" data-element_type=\"widget\" data-e-type=\"widget\" data-widget_type=\"icon-box.default\">\n\t\t\t\t<div class=\"elementor-widget-container\">\n\t\t\t\t\t\t\t<div class=\"elementor-icon-box-wrapper\">\n\n\t\t\t\t\t\t<div class=\"elementor-icon-box-icon\">\n\t\t\t\t<a href=\"mailto:info@ryda.se\" class=\"elementor-icon\" tabindex=\"-1\" aria-label=\"Email\">\n\t\t\t\t<i aria-hidden=\"true\" class=\"picon-email-3\"><\/i>\t\t\t\t<\/a>\n\t\t\t<\/div>\n\t\t\t\n\t\t\t\t\t\t<div class=\"elementor-icon-box-content\">\n\n\t\t\t\t\t\t\t\t\t<h3 class=\"elementor-icon-box-title\">\n\t\t\t\t\t\t<a href=\"mailto:info@ryda.se\" >\n\t\t\t\t\t\t\tEmail\t\t\t\t\t\t<\/a>\n\t\t\t\t\t<\/h3>\n\t\t\t\t\n\t\t\t\t\t\t\t\t\t<p class=\"elementor-icon-box-description\">\n\t\t\t\t\t\tinfo@ryda.se\t\t\t\t\t<\/p>\n\t\t\t\t\n\t\t\t<\/div>\n\t\t\t\n\t\t<\/div>\n\t\t\t\t\t\t<\/div>\n\t\t\t\t<\/div>\n\t\t\t\t<div class=\"elementor-element elementor-element-1a3f07b elementor-position-inline-start elementor-view-default elementor-mobile-position-block-start elementor-widget elementor-widget-icon-box\" data-id=\"1a3f07b\" data-element_type=\"widget\" data-e-type=\"widget\" data-widget_type=\"icon-box.default\">\n\t\t\t\t<div class=\"elementor-widget-container\">\n\t\t\t\t\t\t\t<div class=\"elementor-icon-box-wrapper\">\n\n\t\t\t\t\t\t<div class=\"elementor-icon-box-icon\">\n\t\t\t\t<a href=\"mailto:lise-lotte@ryda.se\" class=\"elementor-icon\" tabindex=\"-1\" aria-label=\"Restaurant\">\n\t\t\t\t<i aria-hidden=\"true\" class=\"picon-email-3\"><\/i>\t\t\t\t<\/a>\n\t\t\t<\/div>\n\t\t\t\n\t\t\t\t\t\t<div class=\"elementor-icon-box-content\">\n\n\t\t\t\t\t\t\t\t\t<h3 class=\"elementor-icon-box-title\">\n\t\t\t\t\t\t<a href=\"mailto:lise-lotte@ryda.se\" >\n\t\t\t\t\t\t\tRestaurant\t\t\t\t\t\t<\/a>\n\t\t\t\t\t<\/h3>\n\t\t\t\t\n\t\t\t\t\t\t\t\t\t<p class=\"elementor-icon-box-description\">\n\t\t\t\t\t\tlise-lotte@ryda.se\t\t\t\t\t<\/p>\n\t\t\t\t\n\t\t\t<\/div>\n\t\t\t\n\t\t<\/div>\n\t\t\t\t\t\t<\/div>\n\t\t\t\t<\/div>\n\t\t\t\t<div class=\"elementor-element elementor-element-cca3a12 elementor-shape-circle e-grid-align-left e-grid-align-tablet-left e-grid-align-mobile-center elementor-grid-0 elementor-widget elementor-widget-social-icons\" data-id=\"cca3a12\" data-element_type=\"widget\" data-e-type=\"widget\" data-widget_type=\"social-icons.default\">\n\t\t\t\t<div class=\"elementor-widget-container\">\n\t\t\t\t\t\t\t<div class=\"elementor-social-icons-wrapper elementor-grid\" role=\"list\">\n\t\t\t\t\t\t\t<span class=\"elementor-grid-item\" role=\"listitem\">\n\t\t\t\t\t<a class=\"elementor-icon elementor-social-icon elementor-social-icon-facebook elementor-repeater-item-b1438dd\" href=\"https:\/\/www.facebook.com\/RydaGard\" target=\"_blank\">\n\t\t\t\t\t\t<span class=\"elementor-screen-only\">Facebook<\/span>\n\t\t\t\t\t\t<i aria-hidden=\"true\" class=\"fab fa-facebook\"><\/i>\t\t\t\t\t<\/a>\n\t\t\t\t<\/span>\n\t\t\t\t\t\t\t<span class=\"elementor-grid-item\" role=\"listitem\">\n\t\t\t\t\t<a class=\"elementor-icon elementor-social-icon elementor-social-icon-instagram elementor-repeater-item-7b57c00\" href=\"https:\/\/www.instagram.com\/explore\/locations\/305818459606395\/ryda-gardrestaurang-och-konferens\/\" target=\"_blank\">\n\t\t\t\t\t\t<span class=\"elementor-screen-only\">Instagram<\/span>\n\t\t\t\t\t\t<i aria-hidden=\"true\" class=\"fab fa-instagram\"><\/i>\t\t\t\t\t<\/a>\n\t\t\t\t<\/span>\n\t\t\t\t\t<\/div>\n\t\t\t\t\t\t<\/div>\n\t\t\t\t<\/div>\n\t\t\t\t\t<\/div>\n\t\t<\/div>\n\t\t\t\t\t<\/div>\n\t\t<\/section>\n\t\t\t\t<section class=\"elementor-section elementor-top-section elementor-element elementor-element-510a3d5 elementor-section-full_width elementor-section-height-default elementor-section-height-default\" data-id=\"510a3d5\" data-element_type=\"section\" data-e-type=\"section\">\n\t\t\t\t\t\t<div class=\"elementor-container elementor-column-gap-default\">\n\t\t\t\t\t<div class=\"elementor-column elementor-col-100 elementor-top-column elementor-element elementor-element-3c823fd\" data-id=\"3c823fd\" data-element_type=\"column\" data-e-type=\"column\">\n\t\t\t<div class=\"elementor-widget-wrap elementor-element-populated\">\n\t\t\t\t\t\t<div class=\"elementor-element elementor-element-cd723d8 elementor-widget elementor-widget-google_maps\" data-id=\"cd723d8\" data-element_type=\"widget\" data-e-type=\"widget\" data-widget_type=\"google_maps.default\">\n\t\t\t\t<div class=\"elementor-widget-container\">\n\t\t\t\t\t\t\t<div class=\"elementor-custom-embed\">\n\t\t\t<iframe loading=\"lazy\"\n\t\t\t\t\tsrc=\"https:\/\/maps.google.com\/maps?q=Ryda%20G%C3%A5rd%2C%20Rimforsa&#038;t=m&#038;z=5&#038;output=embed&#038;iwloc=near\"\n\t\t\t\t\ttitle=\"Ryda G\u00e5rd, Rimforsa\"\n\t\t\t\t\taria-label=\"Ryda G\u00e5rd, Rimforsa\"\n\t\t\t><\/iframe>\n\t\t<\/div>\n\t\t\t\t\t\t<\/div>\n\t\t\t\t<\/div>\n\t\t\t\t\t<\/div>\n\t\t<\/div>\n\t\t\t\t\t<\/div>\n\t\t<\/section>\n\t\t\t\t<\/div>","protected":false},"excerpt":{"rendered":"<p>Kontakt Home Sida Funderingar? H\u00f6r av dig! Kontakta oss Bes\u00f6ksadress Ryda, 590 46, Rimforsa Boka st\u00e4llplats Via campcation.com Telefon +46 70 973 15 57 Reception +46 70 866 46 63 E-post info@ryda.se Restaurang lise-lotte@ryda.se Facebook Instagram<\/p>","protected":false},"author":1,"featured_media":0,"parent":0,"menu_order":0,"comment_status":"closed","ping_status":"closed","template":"","meta":{"inline_featured_image":false,"footnotes":""},"class_list":["post-831","page","type-page","status-publish","hentry"],"yoast_head":"<!-- This site is optimized with the Yoast SEO plugin v27.4 - https:\/\/yoast.com\/product\/yoast-seo-wordpress\/ -->\n<title>Kontakt - Ryda G\u00e5rd<\/title>\n<meta name=\"robots\" content=\"index, follow, max-snippet:-1, max-image-preview:large, max-video-preview:-1\" \/>\n<link rel=\"canonical\" href=\"https:\/\/ryda.se\/en\/kontakt\/\" \/>\n<meta property=\"og:locale\" content=\"en_GB\" \/>\n<meta property=\"og:type\" content=\"article\" \/>\n<meta property=\"og:title\" content=\"Kontakt - Ryda G\u00e5rd\" \/>\n<meta property=\"og:description\" content=\"Kontakt Home Sida Funderingar? H\u00f6r av dig! Kontakta oss Bes\u00f6ksadress Ryda, 590 46, Rimforsa Boka st\u00e4llplats Via campcation.com Telefon +46 70 973 15 57 Reception +46 70 866 46 63 E-post info@ryda.se Restaurang lise-lotte@ryda.se Facebook Instagram\" \/>\n<meta property=\"og:url\" content=\"https:\/\/ryda.se\/en\/kontakt\/\" \/>\n<meta property=\"og:site_name\" content=\"Ryda G\u00e5rd\" \/>\n<meta property=\"article:publisher\" content=\"https:\/\/www.facebook.com\/RydaGard\" \/>\n<meta property=\"article:modified_time\" content=\"2026-04-21T08:56:49+00:00\" \/>\n<meta name=\"twitter:card\" content=\"summary_large_image\" \/>\n<meta name=\"twitter:label1\" content=\"Estimated reading time\" \/>\n\t<meta name=\"twitter:data1\" content=\"1 minute\" \/>\n<script type=\"application\/ld+json\" class=\"yoast-schema-graph\">{\"@context\":\"https:\\\/\\\/schema.org\",\"@graph\":[{\"@type\":[\"WebPage\",\"ContactPage\"],\"@id\":\"https:\\\/\\\/ryda.se\\\/kontakt\\\/\",\"url\":\"https:\\\/\\\/ryda.se\\\/kontakt\\\/\",\"name\":\"Kontakt - Ryda G\u00e5rd\",\"isPartOf\":{\"@id\":\"https:\\\/\\\/ryda.se\\\/#website\"},\"datePublished\":\"2023-12-29T12:47:12+00:00\",\"dateModified\":\"2026-04-21T08:56:49+00:00\",\"breadcrumb\":{\"@id\":\"https:\\\/\\\/ryda.se\\\/kontakt\\\/#breadcrumb\"},\"inLanguage\":\"en-GB\",\"potentialAction\":[{\"@type\":\"ReadAction\",\"target\":[\"https:\\\/\\\/ryda.se\\\/kontakt\\\/\"]}]},{\"@type\":\"BreadcrumbList\",\"@id\":\"https:\\\/\\\/ryda.se\\\/kontakt\\\/#breadcrumb\",\"itemListElement\":[{\"@type\":\"ListItem\",\"position\":1,\"name\":\"Hem\",\"item\":\"https:\\\/\\\/ryda.se\\\/\"},{\"@type\":\"ListItem\",\"position\":2,\"name\":\"Kontakt\"}]},{\"@type\":\"WebSite\",\"@id\":\"https:\\\/\\\/ryda.se\\\/#website\",\"url\":\"https:\\\/\\\/ryda.se\\\/\",\"name\":\"Ryda G\u00e5rd\",\"description\":\"Mat &amp; Logi, Konferenser &amp; Aktiviteter\",\"publisher\":{\"@id\":\"https:\\\/\\\/ryda.se\\\/#organization\"},\"potentialAction\":[{\"@type\":\"SearchAction\",\"target\":{\"@type\":\"EntryPoint\",\"urlTemplate\":\"https:\\\/\\\/ryda.se\\\/?s={search_term_string}\"},\"query-input\":{\"@type\":\"PropertyValueSpecification\",\"valueRequired\":true,\"valueName\":\"search_term_string\"}}],\"inLanguage\":\"en-GB\"},{\"@type\":\"Organization\",\"@id\":\"https:\\\/\\\/ryda.se\\\/#organization\",\"name\":\"Ryda G\u00e5rd\",\"url\":\"https:\\\/\\\/ryda.se\\\/\",\"logo\":{\"@type\":\"ImageObject\",\"inLanguage\":\"en-GB\",\"@id\":\"https:\\\/\\\/ryda.se\\\/#\\\/schema\\\/logo\\\/image\\\/\",\"url\":\"https:\\\/\\\/ryda.se\\\/wp-content\\\/uploads\\\/2025\\\/02\\\/ryda-gard-icon.png\",\"contentUrl\":\"https:\\\/\\\/ryda.se\\\/wp-content\\\/uploads\\\/2025\\\/02\\\/ryda-gard-icon.png\",\"width\":200,\"height\":200,\"caption\":\"Ryda G\u00e5rd\"},\"image\":{\"@id\":\"https:\\\/\\\/ryda.se\\\/#\\\/schema\\\/logo\\\/image\\\/\"},\"sameAs\":[\"https:\\\/\\\/www.facebook.com\\\/RydaGard\",\"https:\\\/\\\/www.instagram.com\\\/explore\\\/locations\\\/305818459606395\\\/ryda-gardrestaurang-och-konferens\\\/\"]}]}<\/script>\n<!-- \/ Yoast SEO plugin. -->","yoast_head_json":{"title":"Kontakt - Ryda G\u00e5rd","robots":{"index":"index","follow":"follow","max-snippet":"max-snippet:-1","max-image-preview":"max-image-preview:large","max-video-preview":"max-video-preview:-1"},"canonical":"https:\/\/ryda.se\/en\/kontakt\/","og_locale":"en_GB","og_type":"article","og_title":"Kontakt - Ryda G\u00e5rd","og_description":"Kontakt Home Sida Funderingar? H\u00f6r av dig! Kontakta oss Bes\u00f6ksadress Ryda, 590 46, Rimforsa Boka st\u00e4llplats Via campcation.com Telefon +46 70 973 15 57 Reception +46 70 866 46 63 E-post info@ryda.se Restaurang lise-lotte@ryda.se Facebook Instagram","og_url":"https:\/\/ryda.se\/en\/kontakt\/","og_site_name":"Ryda G\u00e5rd","article_publisher":"https:\/\/www.facebook.com\/RydaGard","article_modified_time":"2026-04-21T08:56:49+00:00","twitter_card":"summary_large_image","twitter_misc":{"Estimated reading time":"1 minute"},"schema":{"@context":"https:\/\/schema.org","@graph":[{"@type":["WebPage","ContactPage"],"@id":"https:\/\/ryda.se\/kontakt\/","url":"https:\/\/ryda.se\/kontakt\/","name":"Kontakt - Ryda G\u00e5rd","isPartOf":{"@id":"https:\/\/ryda.se\/#website"},"datePublished":"2023-12-29T12:47:12+00:00","dateModified":"2026-04-21T08:56:49+00:00","breadcrumb":{"@id":"https:\/\/ryda.se\/kontakt\/#breadcrumb"},"inLanguage":"en-GB","potentialAction":[{"@type":"ReadAction","target":["https:\/\/ryda.se\/kontakt\/"]}]},{"@type":"BreadcrumbList","@id":"https:\/\/ryda.se\/kontakt\/#breadcrumb","itemListElement":[{"@type":"ListItem","position":1,"name":"Hem","item":"https:\/\/ryda.se\/"},{"@type":"ListItem","position":2,"name":"Kontakt"}]},{"@type":"WebSite","@id":"https:\/\/ryda.se\/#website","url":"https:\/\/ryda.se\/","name":"Ryda G\u00e5rd","description":"Mat &amp; Logi, Konferenser &amp; Aktiviteter","publisher":{"@id":"https:\/\/ryda.se\/#organization"},"potentialAction":[{"@type":"SearchAction","target":{"@type":"EntryPoint","urlTemplate":"https:\/\/ryda.se\/?s={search_term_string}"},"query-input":{"@type":"PropertyValueSpecification","valueRequired":true,"valueName":"search_term_string"}}],"inLanguage":"en-GB"},{"@type":"Organization","@id":"https:\/\/ryda.se\/#organization","name":"Ryda G\u00e5rd","url":"https:\/\/ryda.se\/","logo":{"@type":"ImageObject","inLanguage":"en-GB","@id":"https:\/\/ryda.se\/#\/schema\/logo\/image\/","url":"https:\/\/ryda.se\/wp-content\/uploads\/2025\/02\/ryda-gard-icon.png","contentUrl":"https:\/\/ryda.se\/wp-content\/uploads\/2025\/02\/ryda-gard-icon.png","width":200,"height":200,"caption":"Ryda G\u00e5rd"},"image":{"@id":"https:\/\/ryda.se\/#\/schema\/logo\/image\/"},"sameAs":["https:\/\/www.facebook.com\/RydaGard","https:\/\/www.instagram.com\/explore\/locations\/305818459606395\/ryda-gardrestaurang-och-konferens\/"]}]}},"_links":{"self":[{"href":"https:\/\/ryda.se\/en\/wp-json\/wp\/v2\/pages\/831","targetHints":{"allow":["GET"]}}],"collection":[{"href":"https:\/\/ryda.se\/en\/wp-json\/wp\/v2\/pages"}],"about":[{"href":"https:\/\/ryda.se\/en\/wp-json\/wp\/v2\/types\/page"}],"author":[{"embeddable":true,"href":"https:\/\/ryda.se\/en\/wp-json\/wp\/v2\/users\/1"}],"replies":[{"embeddable":true,"href":"https:\/\/ryda.se\/en\/wp-json\/wp\/v2\/comments?post=831"}],"version-history":[{"count":62,"href":"https:\/\/ryda.se\/en\/wp-json\/wp\/v2\/pages\/831\/revisions"}],"predecessor-version":[{"id":2324,"href":"https:\/\/ryda.se\/en\/wp-json\/wp\/v2\/pages\/831\/revisions\/2324"}],"wp:attachment":[{"href":"https:\/\/ryda.se\/en\/wp-json\/wp\/v2\/media?parent=831"}],"curies":[{"name":"wp","href":"https:\/\/api.w.org\/{rel}","templated":true}]}}